{"id":557,"date":"2017-08-15T08:11:52","date_gmt":"2017-08-15T06:11:52","guid":{"rendered":"http:\/\/grupored.inteligencia-web.com\/?page_id=557"},"modified":"2024-09-15T12:57:53","modified_gmt":"2024-09-15T12:57:53","slug":"booking-process","status":"publish","type":"page","link":"https:\/\/www.drive4less.ma\/en\/booking-process\/","title":{"rendered":"Proc\u00e9dure de r\u00e9servation"},"content":{"rendered":"<div class=\"wpb-content-wrapper\"><div class=\"vc_row wpb_row vc_row-fluid vc-slider-bg vc-slider-bg-380431\"><div class=\"wpb_column vc_column_container vc_col-sm-12\"><div class=\"vc_column-inner\"><div class=\"wpb_wrapper\"><div id=\"search892210\">    <form id=\"formElem\" name=\"formElem\" action=\"\" method=\"post\" data-trp-original-action=\"\">\r\n        <div class=\"row search_form_row step1 list\" id=\"search_form\">\r\n            <div class=\"col-12 col-lg-10\">\r\n                <div class=\"row\">\r\n                    <div class=\"col-12 col-sm-6\">\r\n                        <span\r\n                            class=\"form_title\">Pick-Up Information<\/span>\r\n                                                                                    <select name=\"pickup_location_id\" class=\"pickup-location home-select\">\r\n                                    <option value=\"0\" selected=\"selected\">Pick-Up City &amp; Location:<\/option><option value=\"1\">1. F\u00e8s Centre Ville<\/option><option value=\"7\">2. A\u00e9roport F\u00e8s Sa\u00efss<\/option><option value=\"8\">3. A\u00e9roport Rabat-Sal\u00e9<\/option><option value=\"9\">4. Rabat Centre ville<\/option><option value=\"10\">5. A\u00e9roport Casablanca Mohammed V<\/option><option value=\"11\">6. Casablanca Centre Ville<\/option>                                <\/select>\r\n                                                                                                        <div class=\"row\">\r\n                                <div\r\n                                    class=\"col-7 col-sm-8 date top_margin\">\r\n                                                                            <input type=\"text\" name=\"pickup_date\"\r\n                                               value=\"Date:\"\r\n                                               placeholder=\"Date:\"\r\n                                               class=\"pickup-date\"\r\n                                               readonly=\"readonly\" autocomplete=\"off\"\/>\r\n                                                                    <\/div>\r\n                                <div\r\n                                    class=\"col-5 col-sm-4 time top_margin\">\r\n                                                                            <select class=\"d-none\" id=\"pickup_time_select\">\r\n                                            <option value=\"00:00:00\">Midnight<\/option><option value=\"00:30:00\">0h30<\/option><option value=\"01:00:00\">1h00<\/option><option value=\"01:30:00\">1h30<\/option><option value=\"02:00:00\">2h00<\/option><option value=\"02:30:00\">2h30<\/option><option value=\"03:00:00\">3h00<\/option><option value=\"03:30:00\">3h30<\/option><option value=\"04:00:00\">4h00<\/option><option value=\"04:30:00\">4h30<\/option><option value=\"05:00:00\">5h00<\/option><option value=\"05:30:00\">5h30<\/option><option value=\"06:00:00\">6h00<\/option><option value=\"06:30:00\">6h30<\/option><option value=\"07:00:00\">7h00<\/option><option value=\"07:30:00\">7h30<\/option><option value=\"08:00:00\">8h00<\/option><option value=\"08:30:00\">8h30<\/option><option value=\"09:00:00\">9h00<\/option><option value=\"09:30:00\">9h30<\/option><option value=\"10:00:00\">10h00<\/option><option value=\"10:30:00\">10h30<\/option><option value=\"11:00:00\">11h00<\/option><option value=\"11:30:00\">11h30<\/option><option value=\"12:00:00\" selected=\"selected\">Noon<\/option><option value=\"12:30:00\">12h30<\/option><option value=\"13:00:00\">13h00<\/option><option value=\"13:30:00\">13h30<\/option><option value=\"14:00:00\">14h00<\/option><option value=\"14:30:00\">14h30<\/option><option value=\"15:00:00\">15h00<\/option><option value=\"15:30:00\">15h30<\/option><option value=\"16:00:00\">16h00<\/option><option value=\"16:30:00\">16h30<\/option><option value=\"17:00:00\">17h00<\/option><option value=\"17:30:00\">17h30<\/option><option value=\"18:00:00\">18h00<\/option><option value=\"18:30:00\">18h30<\/option><option value=\"19:00:00\">19h00<\/option><option value=\"19:30:00\">19h30<\/option><option value=\"20:00:00\">20h00<\/option><option value=\"20:30:00\">20h30<\/option><option value=\"21:00:00\">21h00<\/option><option value=\"21:30:00\">21h30<\/option><option value=\"22:00:00\">22h00<\/option><option value=\"22:30:00\">22h30<\/option><option value=\"23:00:00\">23h00<\/option><option value=\"23:30:00\">23h30<\/option>                                        <\/select>\r\n                                        <input type=\"text\" class=\"pickup-time\" readonly>\r\n                                        <input type=\"hidden\" name=\"pickup_time\" id=\"pickup_time\" value=\"\">\r\n                                                                    <\/div>\r\n                            <\/div>\r\n                                            <\/div>\r\n                    <div class=\"col-12 col-sm-6\">\r\n                        <span\r\n                            class=\"form_title fix_margin\">Return Information<\/span>\r\n                                                                                    <select name=\"return_location_id\" class=\"return-location home-select\">\r\n                                    <option value=\"0\" selected=\"selected\">Return City &amp; Location:<\/option><option value=\"1\">1. F\u00e8s Centre Ville<\/option><option value=\"7\">2. A\u00e9roport F\u00e8s Sa\u00efss<\/option><option value=\"8\">3. A\u00e9roport Rabat-Sal\u00e9<\/option><option value=\"9\">4. Rabat Centre ville<\/option><option value=\"10\">5. A\u00e9roport Casablanca Mohammed V<\/option><option value=\"11\">6. Casablanca Centre Ville<\/option>                                <\/select>\r\n                                                                                                        <div class=\"row\">\r\n                                                                    <div\r\n                                        class=\"col-7 col-sm-8 date top_margin\">\r\n                                                                                    <input type=\"text\" name=\"return_date\" class=\"return-date\"\r\n                                                   value=\"Date:\"\r\n                                                   placeholder=\"Date:\"\r\n                                                   readonly=\"readonly\" autocomplete=\"off\"\/>\r\n                                                                            <\/div>\r\n                                    <div\r\n                                        class=\"col-5 col-sm-4 time top_margin\">\r\n                                                                                    <select class=\"d-none\" id=\"return_time_select\">\r\n                                                <option value=\"00:00:00\">Midnight<\/option><option value=\"00:30:00\">0h30<\/option><option value=\"01:00:00\">1h00<\/option><option value=\"01:30:00\">1h30<\/option><option value=\"02:00:00\">2h00<\/option><option value=\"02:30:00\">2h30<\/option><option value=\"03:00:00\">3h00<\/option><option value=\"03:30:00\">3h30<\/option><option value=\"04:00:00\">4h00<\/option><option value=\"04:30:00\">4h30<\/option><option value=\"05:00:00\">5h00<\/option><option value=\"05:30:00\">5h30<\/option><option value=\"06:00:00\">6h00<\/option><option value=\"06:30:00\">6h30<\/option><option value=\"07:00:00\">7h00<\/option><option value=\"07:30:00\">7h30<\/option><option value=\"08:00:00\">8h00<\/option><option value=\"08:30:00\">8h30<\/option><option value=\"09:00:00\">9h00<\/option><option value=\"09:30:00\">9h30<\/option><option value=\"10:00:00\">10h00<\/option><option value=\"10:30:00\">10h30<\/option><option value=\"11:00:00\">11h00<\/option><option value=\"11:30:00\">11h30<\/option><option value=\"12:00:00\" selected=\"selected\">Noon<\/option><option value=\"12:30:00\">12h30<\/option><option value=\"13:00:00\">13h00<\/option><option value=\"13:30:00\">13h30<\/option><option value=\"14:00:00\">14h00<\/option><option value=\"14:30:00\">14h30<\/option><option value=\"15:00:00\">15h00<\/option><option value=\"15:30:00\">15h30<\/option><option value=\"16:00:00\">16h00<\/option><option value=\"16:30:00\">16h30<\/option><option value=\"17:00:00\">17h00<\/option><option value=\"17:30:00\">17h30<\/option><option value=\"18:00:00\">18h00<\/option><option value=\"18:30:00\">18h30<\/option><option value=\"19:00:00\">19h00<\/option><option value=\"19:30:00\">19h30<\/option><option value=\"20:00:00\">20h00<\/option><option value=\"20:30:00\">20h30<\/option><option value=\"21:00:00\">21h00<\/option><option value=\"21:30:00\">21h30<\/option><option value=\"22:00:00\">22h00<\/option><option value=\"22:30:00\">22h30<\/option><option value=\"23:00:00\">23h00<\/option><option value=\"23:30:00\">23h30<\/option>                                            <\/select>\r\n                                            <input type=\"text\" class=\"return-time\" readonly>\r\n                                            <input type=\"hidden\" name=\"return_time\" id=\"return_time\" value=\"\">\r\n                                                                            <\/div>\r\n                                                            <\/div>\r\n                                            <\/div>\r\n                    <div class=\"col-12\">\r\n                        <div class=\"row\">\r\n                                                            <div\r\n                                    class=\"col-12 col-sm-6 filters\">\r\n                                    <span class=\"form_title mt-2\">Filters<\/span>\r\n                                    <div class=\"row\">\r\n                                                                                                                                                                    <div class=\"col-xxs-12 col-4\">\r\n                                                                                                    <select name=\"class_id\" class=\"body-type\">\r\n                                                        <option value=\"-1\" selected=\"selected\">Class:<\/option><option value=\"2\">Compactes<\/option><option value=\"1\">\u00c9conomiques<\/option><option value=\"3\">Familiales<\/option><option value=\"4\">SUV et 4x4<\/option><option value=\"5\">Voitures de Luxe<\/option><option value=\"6\">Monospaces et Minivans<\/option>                                                    <\/select>\r\n                                                                                            <\/div>\r\n                                                                                                                            <div class=\"col-xxs-12 col-4\">\r\n                                                                                                    <select name=\"attribute_id2\"\r\n                                                            class=\"transmission-type\">\r\n                                                        <option value=\"-1\" selected=\"selected\">Select Gearbox:<\/option><option value=\"3\">Automatic<\/option><option value=\"2\">Manual<\/option><option value=\"1\">Semi-automatic<\/option>                                                    <\/select>\r\n                                                                                            <\/div>\r\n                                                                                                                            <div class=\"col-xxs-12 col-4\">\r\n                                                                                                    <select name=\"attribute_id1\" class=\"fuel-type\">\r\n                                                        <option value=\"-1\" selected=\"selected\">Select Fuel:<\/option><option value=\"2\">Diesel<\/option><option value=\"4\">\u00c9lectrique<\/option><option value=\"1\">Essence<\/option><option value=\"3\">Hybride<\/option>                                                    <\/select>\r\n                                                                                            <\/div>\r\n                                                                            <\/div>\r\n                                <\/div>\r\n                                                                                        <div class=\"col-xxs-12 col-6 col-sm-3 codes\">\r\n                                    <span\r\n                                        class=\"form_title mt-2\">Coupon code<\/span>\r\n                                    <input type=\"text\" name=\"coupon_code\"\r\n                                           value=\"\"\r\n                                           class=\"coupon-code\"\r\n                                           title=\"Coupon code\"\r\n                                           placeholder=\"- I have coupon code -\"\/>\r\n                                <\/div>\r\n                                                        <div\r\n                                class=\"col-xxs-12 col-6 col-sm-3 d-lg-none float_right md-add-margin sm-add-margin\">\r\n                                                                                                            <button type=\"submit\" name=\"car_rental_do_search\"\r\n                                                class=\"car-rental-do-search\">Search<\/button>\r\n                                                                                                <\/div>\r\n                        <\/div>\r\n                    <\/div>\r\n                <\/div>\r\n            <\/div>\r\n            <div class=\"col-2 d-none d-lg-block crs-form-submit\">\r\n                                                            <button type=\"submit\" name=\"car_rental_do_search\"\r\n                                class=\"car-rental-do-search\">Search<\/button>\r\n                                                <\/div>\r\n        <\/div>\r\n    <input type=\"hidden\" name=\"trp-form-language\" value=\"en\"\/><\/form>\r\n<\/div><\/div><\/div><\/div><\/div>\n<\/div>","protected":false},"excerpt":{"rendered":"Pick-Up Information Pick-Up City &amp; Location:1. F\u00e8s Centre Ville2. A\u00e9roport F\u00e8s Sa\u00efss3. A\u00e9roport Rabat-Sal\u00e94. Rabat Centre ville5. A\u00e9roport Casablanca Mohammed V6. Casablanca Centre Ville Midnight0h301h001h302h002h303h003h304h004h305h005h306h006h307h007h308h008h309h009h3010h0010h3011h0011h30Noon12h3013h0013h3014h0014h3015h0015h3016h0016h3017h0017h3018h0018h3019h0019h3020h0020h3021h0021h3022h0022h3023h0023h30 Return Information Return City &amp; Location:1. F\u00e8s Centre Ville2. A\u00e9roport F\u00e8s Sa\u00efss3. A\u00e9roport Rabat-Sal\u00e94. Rabat Centre ville5. A\u00e9roport Casablanca Mohammed V6. Casablanca Centre Ville Midnight0h301h001h302h002h303h003h304h004h305h005h306h006h307h007h308h008h309h009h3010h0010h3011h0011h30Noon12h3013h0013h3014h0014h3015h0015h3016h0016h3017h0017h3018h0018h3019h0019h3020h0020h3021h0021h3022h0022h3023h0023h30 Filters Class:Compactes\u00c9conomiquesFamilialesSUV et 4x4Voitures de [...]","protected":false},"author":1,"featured_media":0,"parent":0,"menu_order":0,"comment_status":"closed","ping_status":"closed","template":"","meta":{"footnotes":""},"class_list":["post-557","page","type-page","status-publish","hentry"],"_links":{"self":[{"href":"https:\/\/www.drive4less.ma\/en\/wp-json\/wp\/v2\/pages\/557","targetHints":{"allow":["GET"]}}],"collection":[{"href":"https:\/\/www.drive4less.ma\/en\/wp-json\/wp\/v2\/pages"}],"about":[{"href":"https:\/\/www.drive4less.ma\/en\/wp-json\/wp\/v2\/types\/page"}],"author":[{"embeddable":true,"href":"https:\/\/www.drive4less.ma\/en\/wp-json\/wp\/v2\/users\/1"}],"replies":[{"embeddable":true,"href":"https:\/\/www.drive4less.ma\/en\/wp-json\/wp\/v2\/comments?post=557"}],"version-history":[{"count":0,"href":"https:\/\/www.drive4less.ma\/en\/wp-json\/wp\/v2\/pages\/557\/revisions"}],"wp:attachment":[{"href":"https:\/\/www.drive4less.ma\/en\/wp-json\/wp\/v2\/media?parent=557"}],"curies":[{"name":"wp","href":"https:\/\/api.w.org\/{rel}","templated":true}]}}