{"id":3169,"date":"2024-08-11T13:56:20","date_gmt":"2024-08-11T13:56:20","guid":{"rendered":"https:\/\/www.drive4less.ma\/?page_id=3169"},"modified":"2024-09-15T12:56:24","modified_gmt":"2024-09-15T12:56:24","slug":"politique-de-confidentialite","status":"publish","type":"page","link":"https:\/\/www.drive4less.ma\/es\/politique-de-confidentialite\/","title":{"rendered":"Pol\u00edtica de Privacidad"},"content":{"rendered":"<div class=\"wpb-content-wrapper\"><div data-vc-full-width=\"true\" data-vc-full-width-init=\"false\" class=\"vc_row wpb_row vc_row-fluid secondary_color_background box_shadow vc_column-gap-35 vc_row-o-full-height vc_row-o-columns-middle vc_row-o-equal-height vc_row-o-content-middle vc_row-flex vc-slider-bg vc-slider-bg-898428\"><div class=\"wpb_column vc_column_container vc_col-sm-8 vc_col-has-fill\"><div class=\"vc_column-inner vc_custom_1549248549730\"><div class=\"wpb_wrapper\"><div class=\"fancy-title align_left\"><h3 class=\"vc_underline_title vc_title white\">Pol\u00edtica de Privacidad - Drive4Less<\/h3><div class=\"vc_underline white\"><\/div><\/div>\n\t<div class=\"wpb_text_column wpb_content_element white\" >\n\t\t<div class=\"wpb_wrapper\">\n\t\t\t<p class=\"translation-block\">En <strong>Drive4Less<\/strong>, estamos comprometidos a proteger la privacidad y seguridad de la informaci\u00f3n personal de nuestros clientes. Esta pol\u00edtica de privacidad describe c\u00f3mo recopilamos, usamos, almacenamos y protegemos sus datos personales.<\/p>\n<h4>1. <strong>Recopilaci\u00f3n de Datos Personales<\/strong><\/h4>\n<p>Recopilamos su informaci\u00f3n personal cuando :<\/p>\n<ul>\n<li>Realiza una reserva en l\u00ednea o en la tienda.<\/li>\n<li>Crea una cuenta de usuario en nuestro sitio web.<\/li>\n<li>Contacta con nuestro servicio de atenci\u00f3n al cliente.<\/li>\n<li>Participa en nuestras encuestas o promociones.<\/li>\n<\/ul>\n<p>La informaci\u00f3n recopilada puede incluir su nombre, direcci\u00f3n, direcci\u00f3n de correo electr\u00f3nico, n\u00famero de tel\u00e9fono, informaci\u00f3n de pago y detalles de su licencia de conducir.<\/p>\n<h4>2. <strong>Uso de los Datos<\/strong><\/h4>\n<p>Los datos personales recopilados se utilizan para:<\/p>\n<ul>\n<li>Procesar y gestionar sus reservas.<\/li>\n<li>Comunicarnos con usted sobre su alquiler o cualquier otro servicio.<\/li>\n<li>Mejorar nuestro servicio al cliente y personalizar su experiencia.<\/li>\n<li>Informarle sobre ofertas especiales y promociones (si ha consentido recibir tales comunicaciones)<\/li>\n<\/ul>\n<h4>3. <strong>Compartir los Datos<\/strong><\/h4>\n<p><strong>Drive4Less<\/strong> no vender\u00e1, intercambiar\u00e1 ni alquilar\u00e1 su informaci\u00f3n personal a terceros. Sin embargo, podemos compartir sus datos con:<\/p>\n<ul>\n<li>Socios de servicio (como procesadores de pagos) para completar las transacciones.<\/li>\n<li>Autoridades competentes, si lo exige la ley o para proteger nuestros derechos legales.<\/li>\n<\/ul>\n<h4>4. <strong>Seguridad de los Datos<\/strong><\/h4>\n<p>Implementamos medidas de seguridad t\u00e9cnicas y organizativas para proteger sus datos personales contra el acceso no autorizado, la p\u00e9rdida, la destrucci\u00f3n o la alteraci\u00f3n. Sin embargo, aunque hacemos todo lo posible para proteger sus datos, ning\u00fan m\u00e9todo de transmisi\u00f3n por Internet o de almacenamiento electr\u00f3nico es 100% seguro.<\/p>\n<h4>5. <strong>Sus Derechos<\/strong><\/h4>\n<p>De acuerdo con la ley, tiene derecho a:<\/p>\n<ul>\n<li>Acceder a los datos personales que poseemos sobre usted.<\/li>\n<li>Corregir cualquier informaci\u00f3n inexacta o incompleta.<\/li>\n<li>Solicitar la eliminaci\u00f3n de sus datos personales, sujeto a las obligaciones legales de retenci\u00f3n.<\/li>\n<li>Retirar su consentimiento para el uso de sus datos con fines de marketing en cualquier momento.<\/li>\n<\/ul>\n<h4>6. <strong>Cookies<\/strong><\/h4>\n<p>Nuestro sitio web utiliza cookies para mejorar la experiencia del usuario, analizar el rendimiento del sitio y ofrecer anuncios dirigidos. Puede gestionar sus preferencias de cookies a trav\u00e9s de la configuraci\u00f3n de su navegador.<\/p>\n<h4>7. <strong>Modificaciones de la Pol\u00edtica de Privacidad<\/strong><\/h4>\n<p><strong>Drive4Less<\/strong> se reserva el derecho de modificar esta pol\u00edtica de privacidad en cualquier momento. Cualquier cambio se publicar\u00e1 en esta p\u00e1gina con la fecha de actualizaci\u00f3n.<\/p>\n<h4>8. <strong>Contacto<\/strong><\/h4>\n<p>Si tiene alguna pregunta sobre esta pol\u00edtica de privacidad o desea ejercer sus derechos, por favor cont\u00e1ctenos en: <a href=\"mailto:Contact@Drive4less.ma\">Contact@Drive4less.ma<\/a> o llame al +212 660 851 152.<\/p>\n<p>\u00daltima actualizaci\u00f3n: 11\/08\/2024<\/p>\n\n\t\t<\/div>\n\t<\/div>\n<\/div><\/div><\/div><div class=\"wpb_column vc_column_container vc_col-sm-4 vc_col-has-fill\"><div class=\"vc_column-inner vc_custom_1549260453379\"><div class=\"wpb_wrapper\"><\/div><\/div><\/div><\/div><div class=\"vc_row-full-width vc_clearfix\"><\/div><div data-vc-full-width=\"true\" data-vc-full-width-init=\"false\" class=\"vc_row wpb_row vc_row-fluid primary_color_background box_shadow vc_custom_1551678287611 vc-slider-bg vc-slider-bg-544499\"><div class=\"wpb_column vc_column_container vc_col-sm-6 vc_col-lg-3 vc_col-md-3\"><div class=\"vc_column-inner vc_custom_1551678127245\"><div class=\"wpb_wrapper\"><div class=\"vc_row wpb_row vc_inner vc_row-fluid\"><div class=\"wpb_column vc_column_container vc_col-sm-3\"><div class=\"vc_column-inner\"><div class=\"wpb_wrapper\"><div class=\"vc_icon_element vc_icon_element-outer vc_custom_1551678384251 vc_do_icon wpb_animate_when_almost_visible wpb_flipInX flipInX vc_icon_element-align-center\"><div class=\"vc_icon_element-inner vc_icon_element-color-secondary_color vc_icon_element-size-lg vc_icon_element-style- vc_icon_element-background-color-grey\" ><span class=\"vc_icon_element-icon fa fa-heart\" ><\/span><\/div><\/div><\/div><\/div><\/div><div class=\"wpb_column vc_column_container vc_col-sm-9\"><div class=\"vc_column-inner\"><div class=\"wpb_wrapper\"><div><div class=\"stat_counter_wrapper white\"><div id=\"wpcr-counter613290\" class=\"stat_counter default\" data-count_to=\"1268\">-<\/div><div class=\"stat_title\">Clientes Satisfechos<\/div><\/div><\/div><\/div><\/div><\/div><\/div><\/div><\/div><\/div><div class=\"wpb_column vc_column_container vc_col-sm-6 vc_col-lg-3 vc_col-md-3\"><div class=\"vc_column-inner vc_custom_1551678132917\"><div class=\"wpb_wrapper\"><div class=\"vc_row wpb_row vc_inner vc_row-fluid\"><div class=\"wpb_column vc_column_container vc_col-sm-3\"><div class=\"vc_column-inner\"><div class=\"wpb_wrapper\"><div class=\"vc_icon_element vc_icon_element-outer vc_custom_1551678389420 vc_do_icon wpb_animate_when_almost_visible wpb_flipInX flipInX vc_icon_element-align-center\"><div class=\"vc_icon_element-inner vc_icon_element-color-secondary_color vc_icon_element-size-lg vc_icon_element-style- vc_icon_element-background-color-grey\" ><span class=\"vc_icon_element-icon fa fa-car\" ><\/span><\/div><\/div><\/div><\/div><\/div><div class=\"wpb_column vc_column_container vc_col-sm-9\"><div class=\"vc_column-inner\"><div class=\"wpb_wrapper\"><div><div class=\"stat_counter_wrapper white\"><div id=\"wpcr-counter539531\" class=\"stat_counter default\" data-count_to=\"25\">-<\/div><div class=\"stat_title\">Veh\u00edculos<\/div><\/div><\/div><\/div><\/div><\/div><\/div><\/div><\/div><\/div><div class=\"wpb_column vc_column_container vc_col-sm-6 vc_col-lg-3 vc_col-md-3\"><div class=\"vc_column-inner vc_custom_1551678141723\"><div class=\"wpb_wrapper\"><div class=\"vc_row wpb_row vc_inner vc_row-fluid\"><div class=\"wpb_column vc_column_container vc_col-sm-3\"><div class=\"vc_column-inner\"><div class=\"wpb_wrapper\"><div class=\"vc_icon_element vc_icon_element-outer vc_custom_1551678393392 vc_do_icon wpb_animate_when_almost_visible wpb_flipInX flipInX vc_icon_element-align-center\"><div class=\"vc_icon_element-inner vc_icon_element-color-secondary_color vc_icon_element-size-lg vc_icon_element-style- vc_icon_element-background-color-grey\" ><span class=\"vc_icon_element-icon fa fa-map-marker\" ><\/span><\/div><\/div><\/div><\/div><\/div><div class=\"wpb_column vc_column_container vc_col-sm-9\"><div class=\"vc_column-inner\"><div class=\"wpb_wrapper\"><div><div class=\"stat_counter_wrapper white\"><div id=\"wpcr-counter233315\" class=\"stat_counter default\" data-count_to=\"8\">-<\/div><div class=\"stat_title\">Ubicaciones<\/div><\/div><\/div><\/div><\/div><\/div><\/div><\/div><\/div><\/div><div class=\"wpb_column vc_column_container vc_col-sm-6 vc_col-lg-3 vc_col-md-3\"><div class=\"vc_column-inner vc_custom_1551678146263\"><div class=\"wpb_wrapper\"><div class=\"vc_row wpb_row vc_inner vc_row-fluid\"><div class=\"wpb_column vc_column_container vc_col-sm-3\"><div class=\"vc_column-inner\"><div class=\"wpb_wrapper\"><div class=\"vc_icon_element vc_icon_element-outer vc_custom_1551678398341 vc_do_icon wpb_animate_when_almost_visible wpb_flipInX flipInX vc_icon_element-align-center\"><div class=\"vc_icon_element-inner vc_icon_element-color-secondary_color vc_icon_element-size-lg vc_icon_element-style- vc_icon_element-background-color-grey\" ><span class=\"vc_icon_element-icon fa fa-calendar-check-o\" ><\/span><\/div><\/div><\/div><\/div><\/div><div class=\"wpb_column vc_column_container vc_col-sm-9\"><div class=\"vc_column-inner\"><div class=\"wpb_wrapper\"><div><div class=\"stat_counter_wrapper white\"><div id=\"wpcr-counter861677\" class=\"stat_counter default\" data-count_to=\"1264\">-<\/div><div class=\"stat_title\">Reservas Realizadas<\/div><\/div><\/div><\/div><\/div><\/div><\/div><\/div><\/div><\/div><\/div><div class=\"vc_row-full-width vc_clearfix\"><\/div><div class=\"vc_row wpb_row vc_row-fluid vc_custom_1549260584699 vc-slider-bg vc-slider-bg-691511\"><div class=\"wpb_column vc_column_container vc_col-sm-12\"><div class=\"vc_column-inner\"><div class=\"wpb_wrapper\"><div class=\"fancy-title align_center\"><h2 class=\"vc_underline_title vc_title black\">\u00bfPor qu\u00e9 Elegir Drive4Less?<\/h2><div class=\"vc_underline secondary_color_background\"><\/div><\/div>\n\t<div class=\"wpb_text_column wpb_content_element align_center\" >\n\t\t<div class=\"wpb_wrapper\">\n\t\t\t<p><strong>Drive4Less<\/strong> se destaca como tu socio ideal para el alquiler de coches en Fes gracias a varias ventajas clave que garantizan una experiencia de alquiler excepcional:<\/p>\n\n\t\t<\/div>\n\t<\/div>\n<div class=\"vc_row wpb_row vc_inner vc_row-fluid vc_custom_1549250696928\"><div class=\"wpb_column vc_column_container vc_col-sm-4\"><div class=\"vc_column-inner\"><div class=\"wpb_wrapper\"><div class=\"vc_icon_element vc_icon_element-outer vc_do_icon vc_icon_element-align-center\"><div class=\"vc_icon_element-inner vc_icon_element-color-primary_color vc_icon_element-size-xl vc_icon_element-style- vc_icon_element-background-color-grey\" ><span class=\"vc_icon_element-icon fa fa-star\" ><\/span><\/div><\/div>\n\t<div class=\"wpb_text_column wpb_content_element align_center\" >\n\t\t<div class=\"wpb_wrapper\">\n\t\t\t<p><strong>Flexibilidad y Simplicidad<\/strong><\/p>\n<p class=\"translation-block\">El alquiler de coches con Drive4Less est\u00e1 dise\u00f1ado para ser sencillo y flexible. Reserva en l\u00ednea o directamente en nuestras oficinas seg\u00fan tu preferencia. Contamos con horarios de apertura adaptados para facilitar la recogida y devoluci\u00f3n de tu veh\u00edculo.<\/p>\n\n\t\t<\/div>\n\t<\/div>\n<\/div><\/div><\/div><div class=\"wpb_column vc_column_container vc_col-sm-4\"><div class=\"vc_column-inner\"><div class=\"wpb_wrapper\"><div class=\"vc_icon_element vc_icon_element-outer vc_do_icon vc_icon_element-align-center\"><div class=\"vc_icon_element-inner vc_icon_element-color-primary_color vc_icon_element-size-xl vc_icon_element-style- vc_icon_element-background-color-grey\" ><span class=\"vc_icon_element-icon fa fa-wrench\" ><\/span><\/div><\/div>\n\t<div class=\"wpb_text_column wpb_content_element align_center\" >\n\t\t<div class=\"wpb_wrapper\">\n\t\t\t<p><strong>Compromiso con la Seguridad<\/strong><\/p>\n<p>Todos nuestros veh\u00edculos son minuciosamente inspeccionados antes de cada alquiler para garantizar tu seguridad y comodidad. Nos comprometemos a proporcionarte una experiencia de conducci\u00f3n agradable y sin preocupaciones.<\/p>\n\n\t\t<\/div>\n\t<\/div>\n<\/div><\/div><\/div><div class=\"wpb_column vc_column_container vc_col-sm-4\"><div class=\"vc_column-inner\"><div class=\"wpb_wrapper\"><div class=\"vc_icon_element vc_icon_element-outer vc_do_icon vc_icon_element-align-center\"><div class=\"vc_icon_element-inner vc_icon_element-color-primary_color vc_icon_element-size-xl vc_icon_element-style- vc_icon_element-background-color-grey\" ><span class=\"vc_icon_element-icon fa fa-ticket\" ><\/span><\/div><\/div>\n\t<div class=\"wpb_text_column wpb_content_element align_center\" >\n\t\t<div class=\"wpb_wrapper\">\n\t\t\t<p><strong>Tarifas Transparentes y Competitivas<\/strong><\/p>\n<p>Ofrecemos tarifas claras y competitivas, sin cargos ocultos. De este modo, disfrutas de una excelente relaci\u00f3n calidad-precio para tus necesidades de movilidad. Tambi\u00e9n ofrecemos ofertas especiales y descuentos regulares.<\/p>\n\n\t\t<\/div>\n\t<\/div>\n<\/div><\/div><\/div><\/div><\/div><\/div><\/div><\/div>\n<\/div>","protected":false},"excerpt":{"rendered":"Politique de Confidentialit\u00e9 \u2013 Drive4Less Chez Drive4Less, nous nous engageons \u00e0 prot\u00e9ger la confidentialit\u00e9 et la s\u00e9curit\u00e9 des informations personnelles de nos clients. Cette politique de confidentialit\u00e9 d\u00e9crit la mani\u00e8re dont nous collectons, utilisons, stockons et prot\u00e9geons vos donn\u00e9es personnelles. 1. Collecte des Donn\u00e9es Personnelles Nous collectons vos informations personnelles lorsque vous : Effectuez une [...]","protected":false},"author":1,"featured_media":0,"parent":0,"menu_order":0,"comment_status":"closed","ping_status":"closed","template":"homepage.php","meta":{"footnotes":""},"class_list":["post-3169","page","type-page","status-publish","hentry"],"_links":{"self":[{"href":"https:\/\/www.drive4less.ma\/es\/wp-json\/wp\/v2\/pages\/3169","targetHints":{"allow":["GET"]}}],"collection":[{"href":"https:\/\/www.drive4less.ma\/es\/wp-json\/wp\/v2\/pages"}],"about":[{"href":"https:\/\/www.drive4less.ma\/es\/wp-json\/wp\/v2\/types\/page"}],"author":[{"embeddable":true,"href":"https:\/\/www.drive4less.ma\/es\/wp-json\/wp\/v2\/users\/1"}],"replies":[{"embeddable":true,"href":"https:\/\/www.drive4less.ma\/es\/wp-json\/wp\/v2\/comments?post=3169"}],"version-history":[{"count":0,"href":"https:\/\/www.drive4less.ma\/es\/wp-json\/wp\/v2\/pages\/3169\/revisions"}],"wp:attachment":[{"href":"https:\/\/www.drive4less.ma\/es\/wp-json\/wp\/v2\/media?parent=3169"}],"curies":[{"name":"wp","href":"https:\/\/api.w.org\/{rel}","templated":true}]}}